{"id":15,"date":"2025-09-07T18:37:26","date_gmt":"2025-09-07T18:37:26","guid":{"rendered":"https:\/\/cazandoolasinlatinamerika.com\/?page_id=15"},"modified":"2025-10-11T19:47:15","modified_gmt":"2025-10-11T19:47:15","slug":"hallo","status":"publish","type":"page","link":"https:\/\/cazandoolasinlatinamerika.com\/?page_id=15","title":{"rendered":"Meine Reise"},"content":{"rendered":"\n<div class=\"wp-block-cover alignfull is-light has-contrast-color has-text-color has-link-color wp-elements-3fd3984eb8c3a753be81dd1bd252296f\" style=\"margin-top:0;margin-bottom:0;padding-top:var(--wp--preset--spacing--60);padding-right:var(--wp--preset--spacing--50);padding-bottom:var(--wp--preset--spacing--60);padding-left:var(--wp--preset--spacing--50)\"><span aria-hidden=\"true\" class=\"wp-block-cover__background has-base-background-color has-background-dim-100 has-background-dim\"><\/span><div class=\"wp-block-cover__inner-container has-global-padding is-layout-constrained wp-container-core-cover-is-layout-873ee6b1 wp-block-cover-is-layout-constrained\">\n<div class=\"wp-block-columns alignwide is-layout-flex wp-container-core-columns-is-layout-7ee84d44 wp-block-columns-is-layout-flex\">\n<div class=\"wp-block-column is-layout-flow wp-block-column-is-layout-flow\" style=\"flex-basis:65%\">\n<div class=\"wp-block-group is-vertical is-content-justification-stretch is-layout-flex wp-container-core-group-is-layout-353c4f5a wp-block-group-is-layout-flex\">\n<h2 class=\"wp-block-heading has-text-align-left\" style=\"font-size:22rem;font-style:normal;font-weight:300;letter-spacing:-0.03em;line-height:1.4\">Hallo ihr Lieben!<\/h2>\n\n\n\n<p>Wie sch\u00f6n, dass ihr hier seid und das gerade lest. Wie einige von euch bereits wissen, geht es f\u00fcr mich bald auf gro\u00dfe Reise nach Lateinamerika \u2013 Startschuss f\u00e4llt im November.<\/p>\n\n\n\n<p>&nbsp;Ich lasse also Berlin, Schulstress und das schlechte Wetter daheim ! Ich freue mich wirklich sehr. Rucksack packen und Neues entdecken \ud83d\ude42&nbsp;<\/p>\n\n\n\n<p>Um dieses neue Kapitel nach der Schule festzuhalten, habe ich mich dazu entschieden, sie hier zu dokumentieren \u2013 f\u00fcr mich und auch f\u00fcr euch, damit ihr alle gesammelt von meinen Abenteuern lesen k\u00f6nnt. So etwas wie ein kleines \u00f6ffentliches Reisetagebuch. Inspiriert von meiner Freundin Mia, die w\u00e4hrend ihres Kanada-Aufenthalts und nun w\u00e4hrend ihrer Interrail-Reise in Europa bereits einen Blog startete.<\/p>\n\n\n\n<p>Ich schreibe und erz\u00e4hle nach Gef\u00fchl. Also erwartet bitte keine Hochglanz &#8211; Reise-reportagen !!!! \ud83d\ude42 Alles zum Spa\u00df, aber mit dem Wunsch, euch mitzunehmen: in meine Erlebnisse, in neue Kulturen, in Begegnungen mit Menschen unterwegs.<\/p>\n\n\n\n<p>Ich freue mich riesig \u00fcber R\u00fcckmeldungen, Kommentare und Nachrichten von euch. Erz\u00e4hlt mir, was ihr denkt, stellt Fragen oder schreibt einfach mal Hallo \u2013 so f\u00fchlt es sich an, als w\u00e4rt ihr ein kleines St\u00fcck mit auf dieser Reise.&nbsp;<\/p>\n\n\n\n<p class=\"is-style-text-subtitle\">Wenn ihr also kein Abenteuer verpassen wollt abonniert unbedingt meinen Newsletter, damit ihr immer benachrichtigt werdet wenn es wieder etwas Neues gibt.<\/p>\n<\/div>\n<\/div>\n\n\n\n<div class=\"wp-block-column is-layout-flow wp-block-column-is-layout-flow\" style=\"flex-basis:35%\">\n<div class=\"wp-block-group is-vertical is-content-justification-stretch is-nowrap is-layout-flex wp-container-core-group-is-layout-73b0033c wp-block-group-is-layout-flex\">\n<figure class=\"wp-block-image size-full\"><img decoding=\"async\" src=\"https:\/\/cazandoolasinlatinamerika.com\/wp-content\/uploads\/2025\/09\/IMG_8062.jpeg\" alt=\"\" class=\"wp-image-18\" style=\"aspect-ratio:3\/4;object-fit:cover\"\/><\/figure>\n\n\n\n<p class=\"has-text-align-right has-x-large-font-size\" style=\"line-height:1.2\"><\/p>\n<\/div>\n<\/div>\n<\/div>\n<\/div><\/div>\n","protected":false},"excerpt":{"rendered":"","protected":false},"author":1,"featured_media":0,"parent":0,"menu_order":0,"comment_status":"closed","ping_status":"closed","template":"","meta":{"footnotes":""},"class_list":["post-15","page","type-page","status-publish","hentry"],"yoast_head":"<!-- This site is optimized with the Yoast SEO plugin v25.8 - https:\/\/yoast.com\/wordpress\/plugins\/seo\/ -->\n<title>Meine Reise - Cazando Olas In Latinoamerika - Brenda<\/title>\n<meta name=\"robots\" content=\"index, follow, max-snippet:-1, max-image-preview:large, max-video-preview:-1\" \/>\n<link rel=\"canonical\" href=\"https:\/\/cazandoolasinlatinamerika.com\/?page_id=15\" \/>\n<meta property=\"og:locale\" content=\"de_DE\" \/>\n<meta property=\"og:type\" content=\"article\" \/>\n<meta property=\"og:title\" content=\"Meine Reise - Cazando Olas In Latinoamerika - Brenda\" \/>\n<meta property=\"og:url\" content=\"https:\/\/cazandoolasinlatinamerika.com\/?page_id=15\" \/>\n<meta property=\"og:site_name\" content=\"Cazando Olas In Latinoamerika - Brenda\" \/>\n<meta property=\"article:modified_time\" content=\"2025-10-11T19:47:15+00:00\" \/>\n<meta property=\"og:image\" content=\"https:\/\/cazandoolasinlatinamerika.com\/wp-content\/uploads\/2025\/09\/IMG_8062-scaled.jpeg\" \/>\n\t<meta property=\"og:image:width\" content=\"1920\" \/>\n\t<meta property=\"og:image:height\" content=\"2560\" \/>\n\t<meta property=\"og:image:type\" content=\"image\/jpeg\" \/>\n<meta name=\"twitter:card\" content=\"summary_large_image\" \/>\n<meta name=\"twitter:label1\" content=\"Gesch\u00e4tzte Lesezeit\" \/>\n\t<meta name=\"twitter:data1\" content=\"2\u00a0Minuten\" \/>\n<script type=\"application\/ld+json\" class=\"yoast-schema-graph\">{\"@context\":\"https:\/\/schema.org\",\"@graph\":[{\"@type\":\"WebPage\",\"@id\":\"https:\/\/cazandoolasinlatinamerika.com\/?page_id=15\",\"url\":\"https:\/\/cazandoolasinlatinamerika.com\/?page_id=15\",\"name\":\"Meine Reise - Cazando Olas In Latinoamerika - Brenda\",\"isPartOf\":{\"@id\":\"https:\/\/cazandoolasinlatinamerika.com\/#website\"},\"primaryImageOfPage\":{\"@id\":\"https:\/\/cazandoolasinlatinamerika.com\/?page_id=15#primaryimage\"},\"image\":{\"@id\":\"https:\/\/cazandoolasinlatinamerika.com\/?page_id=15#primaryimage\"},\"thumbnailUrl\":\"https:\/\/cazandoolasinlatinamerika.com\/wp-content\/uploads\/2025\/09\/IMG_8062.jpeg\",\"datePublished\":\"2025-09-07T18:37:26+00:00\",\"dateModified\":\"2025-10-11T19:47:15+00:00\",\"breadcrumb\":{\"@id\":\"https:\/\/cazandoolasinlatinamerika.com\/?page_id=15#breadcrumb\"},\"inLanguage\":\"de\",\"potentialAction\":[{\"@type\":\"ReadAction\",\"target\":[\"https:\/\/cazandoolasinlatinamerika.com\/?page_id=15\"]}]},{\"@type\":\"ImageObject\",\"inLanguage\":\"de\",\"@id\":\"https:\/\/cazandoolasinlatinamerika.com\/?page_id=15#primaryimage\",\"url\":\"https:\/\/cazandoolasinlatinamerika.com\/wp-content\/uploads\/2025\/09\/IMG_8062-scaled.jpeg\",\"contentUrl\":\"https:\/\/cazandoolasinlatinamerika.com\/wp-content\/uploads\/2025\/09\/IMG_8062-scaled.jpeg\",\"width\":1920,\"height\":2560},{\"@type\":\"BreadcrumbList\",\"@id\":\"https:\/\/cazandoolasinlatinamerika.com\/?page_id=15#breadcrumb\",\"itemListElement\":[{\"@type\":\"ListItem\",\"position\":1,\"name\":\"Startseite\",\"item\":\"https:\/\/cazandoolasinlatinamerika.com\/\"},{\"@type\":\"ListItem\",\"position\":2,\"name\":\"Meine Reise\"}]},{\"@type\":\"WebSite\",\"@id\":\"https:\/\/cazandoolasinlatinamerika.com\/#website\",\"url\":\"https:\/\/cazandoolasinlatinamerika.com\/\",\"name\":\"Cazando Olas In Latinoamerika - Brenda\",\"description\":\"\",\"potentialAction\":[{\"@type\":\"SearchAction\",\"target\":{\"@type\":\"EntryPoint\",\"urlTemplate\":\"https:\/\/cazandoolasinlatinamerika.com\/?s={search_term_string}\"},\"query-input\":{\"@type\":\"PropertyValueSpecification\",\"valueRequired\":true,\"valueName\":\"search_term_string\"}}],\"inLanguage\":\"de\"}]}<\/script>\n<!-- \/ Yoast SEO plugin. -->","yoast_head_json":{"title":"Meine Reise - Cazando Olas In Latinoamerika - Brenda","robots":{"index":"index","follow":"follow","max-snippet":"max-snippet:-1","max-image-preview":"max-image-preview:large","max-video-preview":"max-video-preview:-1"},"canonical":"https:\/\/cazandoolasinlatinamerika.com\/?page_id=15","og_locale":"de_DE","og_type":"article","og_title":"Meine Reise - Cazando Olas In Latinoamerika - Brenda","og_url":"https:\/\/cazandoolasinlatinamerika.com\/?page_id=15","og_site_name":"Cazando Olas In Latinoamerika - Brenda","article_modified_time":"2025-10-11T19:47:15+00:00","og_image":[{"width":1920,"height":2560,"url":"https:\/\/cazandoolasinlatinamerika.com\/wp-content\/uploads\/2025\/09\/IMG_8062-scaled.jpeg","type":"image\/jpeg"}],"twitter_card":"summary_large_image","twitter_misc":{"Gesch\u00e4tzte Lesezeit":"2\u00a0Minuten"},"schema":{"@context":"https:\/\/schema.org","@graph":[{"@type":"WebPage","@id":"https:\/\/cazandoolasinlatinamerika.com\/?page_id=15","url":"https:\/\/cazandoolasinlatinamerika.com\/?page_id=15","name":"Meine Reise - Cazando Olas In Latinoamerika - Brenda","isPartOf":{"@id":"https:\/\/cazandoolasinlatinamerika.com\/#website"},"primaryImageOfPage":{"@id":"https:\/\/cazandoolasinlatinamerika.com\/?page_id=15#primaryimage"},"image":{"@id":"https:\/\/cazandoolasinlatinamerika.com\/?page_id=15#primaryimage"},"thumbnailUrl":"https:\/\/cazandoolasinlatinamerika.com\/wp-content\/uploads\/2025\/09\/IMG_8062.jpeg","datePublished":"2025-09-07T18:37:26+00:00","dateModified":"2025-10-11T19:47:15+00:00","breadcrumb":{"@id":"https:\/\/cazandoolasinlatinamerika.com\/?page_id=15#breadcrumb"},"inLanguage":"de","potentialAction":[{"@type":"ReadAction","target":["https:\/\/cazandoolasinlatinamerika.com\/?page_id=15"]}]},{"@type":"ImageObject","inLanguage":"de","@id":"https:\/\/cazandoolasinlatinamerika.com\/?page_id=15#primaryimage","url":"https:\/\/cazandoolasinlatinamerika.com\/wp-content\/uploads\/2025\/09\/IMG_8062-scaled.jpeg","contentUrl":"https:\/\/cazandoolasinlatinamerika.com\/wp-content\/uploads\/2025\/09\/IMG_8062-scaled.jpeg","width":1920,"height":2560},{"@type":"BreadcrumbList","@id":"https:\/\/cazandoolasinlatinamerika.com\/?page_id=15#breadcrumb","itemListElement":[{"@type":"ListItem","position":1,"name":"Startseite","item":"https:\/\/cazandoolasinlatinamerika.com\/"},{"@type":"ListItem","position":2,"name":"Meine Reise"}]},{"@type":"WebSite","@id":"https:\/\/cazandoolasinlatinamerika.com\/#website","url":"https:\/\/cazandoolasinlatinamerika.com\/","name":"Cazando Olas In Latinoamerika - Brenda","description":"","potentialAction":[{"@type":"SearchAction","target":{"@type":"EntryPoint","urlTemplate":"https:\/\/cazandoolasinlatinamerika.com\/?s={search_term_string}"},"query-input":{"@type":"PropertyValueSpecification","valueRequired":true,"valueName":"search_term_string"}}],"inLanguage":"de"}]}},"_links":{"self":[{"href":"https:\/\/cazandoolasinlatinamerika.com\/index.php?rest_route=\/wp\/v2\/pages\/15","targetHints":{"allow":["GET"]}}],"collection":[{"href":"https:\/\/cazandoolasinlatinamerika.com\/index.php?rest_route=\/wp\/v2\/pages"}],"about":[{"href":"https:\/\/cazandoolasinlatinamerika.com\/index.php?rest_route=\/wp\/v2\/types\/page"}],"author":[{"embeddable":true,"href":"https:\/\/cazandoolasinlatinamerika.com\/index.php?rest_route=\/wp\/v2\/users\/1"}],"replies":[{"embeddable":true,"href":"https:\/\/cazandoolasinlatinamerika.com\/index.php?rest_route=%2Fwp%2Fv2%2Fcomments&post=15"}],"version-history":[{"count":5,"href":"https:\/\/cazandoolasinlatinamerika.com\/index.php?rest_route=\/wp\/v2\/pages\/15\/revisions"}],"predecessor-version":[{"id":217,"href":"https:\/\/cazandoolasinlatinamerika.com\/index.php?rest_route=\/wp\/v2\/pages\/15\/revisions\/217"}],"wp:attachment":[{"href":"https:\/\/cazandoolasinlatinamerika.com\/index.php?rest_route=%2Fwp%2Fv2%2Fmedia&parent=15"}],"curies":[{"name":"wp","href":"https:\/\/api.w.org\/{rel}","templated":true}]}}